{"id":27,"date":"2019-04-11T22:19:26","date_gmt":"2019-04-11T20:19:26","guid":{"rendered":"http:\/\/www.hobrecht59.de\/?page_id=27"},"modified":"2019-05-13T17:24:22","modified_gmt":"2019-05-13T15:24:22","slug":"initiativen","status":"publish","type":"page","link":"https:\/\/www.hobrecht59.de\/?page_id=27","title":{"rendered":"Initiativen"},"content":{"rendered":"<p><a href=\"https:\/\/digitalpresent.tagesspiegel.de\/karte-der-berliner-mieterinitiativen\">Karte Berliner Mieterinitiativen und Beratungsstellen &#8211; Tagesspiegel<\/a><\/p>\n<p><a href=\"http:\/\/schoeneweider20.de\">Sch\u00f6neweider20<\/a><\/p>\n<p><a href=\"https:\/\/www.facebook.com\/Sanderstrasse11\/\">Sanderstra\u00dfe 11<\/a><\/p>\n<p><a href=\"https:\/\/www.facebook.com\/kottbuda69\/\">Kottbusser Damm 69<\/a><\/p>\n<p><a href=\"https:\/\/boethie.noblogs.org\/\">Boethie bleibt<\/a><\/p>\n<p><a href=\"http:\/\/www.dieffe29.de\/?fbclid=IwAR3Qft9Sko_HyE8EMRr7wH19pcBDO9l5JKJ7Y5A_uT6yLg3siX9peLPg6PA\">Dieffe29<\/a><\/p>\n<p><a href=\"https:\/\/www.facebook.com\/Sonnenallee154-2005923956127492\/\">Sonnenallee154<\/a><\/p>\n<p><a href=\"http:\/\/amma65.de\/\">AmMa65<\/a><\/p>\n<p><a href=\"https:\/\/elwe.noblogs.org\/\">Elwe44<\/a><\/p>\n<p><a href=\"https:\/\/lause10.de\">Lause10<\/a><\/p>\n<p><a href=\"https:\/\/box32.noblogs.org\">Boxhagener32<\/a><\/p>\n<p><a href=\"https:\/\/emser27.noblogs.org\/?fbclid=IwAR3EuFa8KLIRJ4lEkdJeGaL8N7m241StMzUX_WZUrQf7_ZELTN09DngOaL0\">Emser27<\/a><\/p>\n<p><a href=\"https:\/\/else75.de\/\">Else75<\/a><\/p>\n<p><a href=\"http:\/\/Braunschweiger 51\">Braunschweiger51<\/a><\/p>\n<p><a href=\"https:\/\/friedel54.noblogs.org\/\">Friedel54<\/a><\/p>\n<p><a href=\"http:\/\/Friedel 7\">Friedel7<\/a><\/p>\n<p><a href=\"https:\/\/www.bizim-kiez.de\">Bizim Kiez<\/a><\/p>\n<p><a href=\"https:\/\/www.gleditschstrasse.de\">Gleditschatra\u00dfe<\/a><\/p>\n<p><a href=\"https:\/\/www.facebook.com\/Gleim56-2132451973435736\/?rc=p\">Gleim56<\/a><\/p>\n<p><a href=\"https:\/\/www.facebook.com\/DieSiedlerNK\/\">Die Siedler Neuk\u00f6lln<\/a><\/p>\n<p><a href=\"http:\/\/kueko-berlin.de\/\">Die K\u00fcnstlerkolonie Berlin<\/a><\/p>\n<p><a href=\"https:\/\/www.gloreiche.de\">Die GloReiche Nachbarschaft<\/a><\/p>\n<p><a href=\"https:\/\/ighab.blogspot.com\">IG HAB Nachbarschaftsinitiative Habersaathstr. Berlin Mitte<\/a><\/p>\n<p><a href=\"http:\/\/seume14.org\">Seume14<\/a><\/p>\n<p><a href=\"http:\/\/mieterbeirat-kma.de\">Mieterbeirat Karl-Marx-Allee<\/a><\/p>\n<p><a href=\"https:\/\/buendnisderottosuhrsiedlungundumgebung.wordpress.com\">B\u00fcndnis Otto-Suhr-Siedlung+Umgebung<\/a><\/p>\n<p><a href=\"https:\/\/www.facebook.com\/mieterprotest.kosmosviertel\/\">Mieterprotest Kosmosviertel<\/a><\/p>\n<p><a href=\"https:\/\/kottiundco.net\">Kotti &amp; Co<\/a><\/p>\n<p><a href=\"https:\/\/syndikatbleibt.noblogs.org\">Syndikat<\/a><\/p>\n<p><a href=\"https:\/\/www.facebook.com\/Potse-Berlin-723326324448304\/\">Potse<\/a><\/p>\n<p><a href=\"https:\/\/www.dwenteignen.de\/\">Deutsche Wohnen und Co enteignen<\/a><\/p>\n<p><a href=\"https:\/\/mietenvolksentscheidberlin.de\">Mietenvolksentscheid Berlin<\/a><\/p>\n<p><a href=\"http:\/\/mieterpartei.jetzt\">Mieter Partei<\/a><\/p>\n<p><a href=\"http:\/\/www.mietenbuendnis.de\">Mietenb\u00fcndnis<\/a><\/p>\n<p><a href=\"http:\/\/www.kiezversammlung44.de\">Kiezversammlung44<\/a><\/p>\n<p><a href=\"http:\/\/solidarischeaktion.blogsport.eu\">Solidarische Aktion Neuk\u00f6lln<\/a><\/p>\n<p><a href=\"http:\/\/berlin.zwangsraeumungverhindern.org\">B\u00fcndnis Zwangsr\u00e4umung verhindern<\/a><\/p>\n<p><a href=\"https:\/\/www.rundumkotti.de\">Rund um den Kotti<\/a><\/p>\n<p><a href=\"https:\/\/w-v-l.eu\">Wohnraum-Verteidugungs-Liga<\/a><\/p>\n<p><a href=\"https:\/\/www.berliner-mieterverein.de\/\">Berliner Mieterverein<\/a><\/p>\n<p><a href=\"https:\/\/www.bmgev.de\/\">Berliner Mietergemeinschaft<\/a><\/p>\n<p><a href=\"https:\/\/www.mieterschutzbund-berlin.de\">Mieterschutzbund Berlin<\/a><\/p>\n<p><a href=\"https:\/\/www.bezahlbares-wohnen.de\">B\u00fcndnis Bezahlbares Wohnen<\/a><\/p>\n<p><a href=\"https:\/\/kotti-berlin.de\">Kotti. e.V.<\/a><\/p>\n<p><a href=\"https:\/\/mieterforum-berlin.de\">Mieterforum Berlin<\/a><\/p>\n<p><a href=\"https:\/\/wirbleibenalle.org\/?cat=166\">Wir bleiben alle<\/a><\/p>\n","protected":false},"excerpt":{"rendered":"<p>Karte Berliner Mieterinitiativen und Beratungsstellen &#8211; Tagesspiegel Sch\u00f6neweider20 Sanderstra\u00dfe 11 Kottbusser Damm 69 Boethie bleibt Dieffe29 Sonnenallee154 AmMa65 Elwe44 Lause10 Boxhagener32 Emser27 Else75 Braunschweiger51 Friedel54 Friedel7 Bizim Kiez Gleditschatra\u00dfe Gleim56 Die Siedler Neuk\u00f6lln Die K\u00fcnstlerkolonie Berlin Die GloReiche Nachbarschaft IG HAB Nachbarschaftsinitiative Habersaathstr. Berlin Mitte&hellip;<\/p>\n","protected":false},"author":1,"featured_media":0,"parent":0,"menu_order":0,"comment_status":"closed","ping_status":"closed","template":"","meta":{"jetpack_post_was_ever_published":false},"jetpack_sharing_enabled":true,"jetpack_shortlink":"https:\/\/wp.me\/PaUYKk-r","_links":{"self":[{"href":"https:\/\/www.hobrecht59.de\/index.php?rest_route=\/wp\/v2\/pages\/27"}],"collection":[{"href":"https:\/\/www.hobrecht59.de\/index.php?rest_route=\/wp\/v2\/pages"}],"about":[{"href":"https:\/\/www.hobrecht59.de\/index.php?rest_route=\/wp\/v2\/types\/page"}],"author":[{"embeddable":true,"href":"https:\/\/www.hobrecht59.de\/index.php?rest_route=\/wp\/v2\/users\/1"}],"replies":[{"embeddable":true,"href":"https:\/\/www.hobrecht59.de\/index.php?rest_route=%2Fwp%2Fv2%2Fcomments&post=27"}],"version-history":[{"count":16,"href":"https:\/\/www.hobrecht59.de\/index.php?rest_route=\/wp\/v2\/pages\/27\/revisions"}],"predecessor-version":[{"id":514,"href":"https:\/\/www.hobrecht59.de\/index.php?rest_route=\/wp\/v2\/pages\/27\/revisions\/514"}],"wp:attachment":[{"href":"https:\/\/www.hobrecht59.de\/index.php?rest_route=%2Fwp%2Fv2%2Fmedia&parent=27"}],"curies":[{"name":"wp","href":"https:\/\/api.w.org\/{rel}","templated":true}]}}